{"id":1246,"date":"2023-11-14T17:16:38","date_gmt":"2023-11-14T17:16:38","guid":{"rendered":"https:\/\/kavalabnb.valantishouses.gr\/valantis-room-checkout\/"},"modified":"2026-04-26T15:22:30","modified_gmt":"2026-04-26T15:22:30","slug":"valantis-room-checkout","status":"publish","type":"page","link":"https:\/\/kavalabnb.valantishouses.gr\/tr\/valantis-room-checkout\/","title":{"rendered":"Valantis Room Giri\u015f-\u00c7\u0131k\u0131\u015f"},"content":{"rendered":"<div class=\"wpb-content-wrapper\"><p>[vc_row][vc_column]<h3 class=\"sohohotel-title-25px sohohotel-clearfix sohohotel-title-left\">Konum<\/h3>[vc_cta h2=&#8221;Dairenin konumunu g\u00f6rmek i\u00e7in haritaya t\u0131klay\u0131n!&#8221; style=&#8221;3d&#8221; color=&#8221;blue&#8221;][\/vc_cta][vc_column_text css=&#8221;&#8221;]<\/p>\n<h3><strong>Address: \t\t<span \n\t\t\tid=\"ctc-inline-Z4ao0UAl\"\n\t\t\tclass=\"ctc-shortcode ctc-shortcode--inline\"\n\t\t\tdata-ctc-analytics=\"1\"\n\t\t\tdata-ctc-copy=\"Agiou Pavlou 2, Kavala 653 02\"\n\t\t\tdata-ctc-success=\"Copied\"\n\t\t\tdata-ctc-format=\"text\"\n\t\t\t\t\t\t\t\t\t\t\t\t\t\t\t\trole=\"button\"\n\t\t\t\ttabindex=\"0\"\n\t\t\t\taria-label=\"Copy to clipboard\"\n\t\t\t\t\t>\n\t\t\t<span class=\"ctc-shortcode__text \">Agiou Pavlou 2, Kavala 653 02<\/span>\n\t\t\t<span class=\"ctc-shortcode__icon\" aria-hidden=\"true\"><svg xmlns=\"http:\/\/www.w3.org\/2000\/svg\" fill=\"none\" viewBox=\"0 0 24 24\" stroke=\"currentColor\"><path stroke-linecap=\"round\" stroke-linejoin=\"round\" stroke-width=\"2\" d=\"M8 16H6a2 2 0 01-2-2V6a2 2 0 012-2h8a2 2 0 012 2v2m-6 12h8a2 2 0 002-2v-8a2 2 0 00-2-2h-8a2 2 0 00-2 2v8a2 2 0 002 2z\" \/><\/svg><\/span>\t\t\t<span class=\"ctc-shortcode__success\" aria-live=\"polite\"><\/span>\n\t\t<\/span>\n\t\t<\/strong><\/h3>\n<p>[\/vc_column_text][vc_raw_html]JTNDaWZyYW1lJTIwc3JjJTNEJTIyaHR0cHMlM0ElMkYlMkZ3d3cuZ29vZ2xlLmNvbSUyRm1hcHMlMkZlbWJlZCUzRnBiJTNEJTIxMW0xOCUyMTFtMTIlMjExbTMlMjExZDc1My40NzA4MDM2NDUwMjY4JTIxMmQyNC40MDc1NTEwNjQ4MDI5JTIxM2Q0MC45NDAyMjY2NTI1OTQzNSUyMTJtMyUyMTFmMCUyMTJmMCUyMTNmMCUyMTNtMiUyMTFpMTAyNCUyMTJpNzY4JTIxNGYxMy4xJTIxM20zJTIxMW0yJTIxMXMweDE0YWViYjZkNjU3ZDNlZTMlMjUzQTB4YmI2NTJlMmQwMzNmZDllNSUyMTJ6enBIT3M4NnZ6cl9QaFNET29NNnh6NDNPdTg2X3o0VWdNaXdnenByT3NjNnl6cXpPdTg2eElEWTFNeUF3TWclMjE1ZTAlMjEzbTIlMjExc2VsJTIxMnNnciUyMTR2MTY5OTIwNTIxMDEzNiUyMTVtMiUyMTFzZWwlMjEyc2dyJTIyJTIwd2lkdGglM0QlMjIxMDAlMjUlMjIlMjBoZWlnaHQlM0QlMjI0NTAlMjIlMjBzdHlsZSUzRCUyMmJvcmRlciUzQTAlM0IlMjIlMjBhbGxvd2Z1bGxzY3JlZW4lM0QlMjIlMjIlMjBsb2FkaW5nJTNEJTIybGF6eSUyMiUyMHJlZmVycmVycG9saWN5JTNEJTIybm8tcmVmZXJyZXItd2hlbi1kb3duZ3JhZGUlMjIlM0UlM0MlMkZpZnJhbWUlM0U=[\/vc_raw_html][vc_empty_space height=&#8221;30px&#8221;][\/vc_column][\/vc_row][vc_row el_class=&#8221;sohohotel-content-inner&#8221;][vc_column]<h3 class=\"sohohotel-title-28px sohohotel-clearfix sohohotel-title-left\">TAL\u0130MATLAR - D\u0130KKATL\u0130CE OKUYUN<\/h3>[vc_column_text]VALANTIS ROOM&#8217;daki rezervasyonunuz i\u00e7in \u00e7ok te\u015fekk\u00fcr ederiz <span style=\"font-weight: 400;\">(en fazla 2 ki\u015filik kapasite)<\/span>. Oda saat 15:00&#8217;te m\u00fcsait olacak (check-in). Merdivenlerden sonra binan\u0131n ana giri\u015fini bulacaks\u0131n\u0131z. Bir tabela var ve tabelan\u0131n yan\u0131nda anahtarlar\u0131 i\u00e7eren siyah bir kutu var. A\u00e7mak i\u00e7in d\u00f6rt haneli bir kod gereklidir.<\/p>\n<p>Kodu almak i\u00e7in bana ehliyetinizin, kimli\u011finizin veya pasaportunuzun bir foto\u011fraf\u0131n\u0131 g\u00f6nderin. VALANTIS ROOM ikinci katta, asans\u00f6rden \u00e7\u0131kar \u00e7\u0131kmaz sol tarafta. D\u0131\u015f kap\u0131da bir tabela var. Mavi \u00e7izgiler \u00fccretli park yerlerini g\u00f6sterir; aksi takdirde, b\u00f6lgede \u00fccretsiz ba\u015fka bir yere park edebilirsiniz.<\/p>\n<p>VALANTIS ROOM&#8217;un i\u00e7inde WIFI, s\u0131cak su vb. ile ilgili talimatlar vard\u0131r. \u00c7\u0131k\u0131\u015f\u0131n\u0131zda anahtarlar\u0131 g\u00f6r\u00fcn\u00fcr bir yere b\u0131rak\u0131n. \u00c7\u0131k\u0131\u015f saati 10:30&#8217;dir. A\u015fa\u011f\u0131daki foto\u011fraflarda daha fazla bilgi bulunmaktad\u0131r.[\/vc_column_text][vc_empty_space height=&#8221;20px&#8221;][vc_row_inner][vc_column_inner width=&#8221;1\/2&#8243;][vc_single_image image=&#8221;1159&#8243; img_size=&#8221;full&#8221; onclick=&#8221;link_image&#8221;][vc_single_image image=&#8221;1637&#8243; img_size=&#8221;full&#8221; onclick=&#8221;link_image&#8221;][vc_single_image image=&#8221;2037&#8243; img_size=&#8221;full&#8221; onclick=&#8221;link_image&#8221;][\/vc_column_inner][vc_column_inner width=&#8221;1\/2&#8243;][vc_single_image image=&#8221;1235&#8243; img_size=&#8221;full&#8221; onclick=&#8221;link_image&#8221;][vc_single_image image=&#8221;1641&#8243; img_size=&#8221;full&#8221; onclick=&#8221;link_image&#8221;][\/vc_column_inner][\/vc_row_inner][vc_empty_space height=&#8221;40px&#8221;][\/vc_column][\/vc_row]<\/p>\n<\/div>","protected":false},"excerpt":{"rendered":"<p>[vc_row][vc_column][vc_cta h2=&#8221;Dairenin konumunu g\u00f6rmek i\u00e7in haritaya t\u0131klay\u0131n!&#8221; style=&#8221;3d&#8221; color=&#8221;blue&#8221;][\/vc_cta][vc_column_text css=&#8221;&#8221;] Address: [\/vc_column_text][vc_raw_html]JTNDaWZyYW1lJTIwc3JjJTNEJTIyaHR0cHMlM0ElMkYlMkZ3d3cuZ29vZ2xlLmNvbSUyRm1hcHMlMkZlbWJlZCUzRnBiJTNEJTIxMW0xOCUyMTFtMTIlMjExbTMlMjExZDc1My40NzA4MDM2NDUwMjY4JTIxMmQyNC40MDc1NTEwNjQ4MDI5JTIxM2Q0MC45NDAyMjY2NTI1OTQzNSUyMTJtMyUyMTFmMCUyMTJmMCUyMTNmMCUyMTNtMiUyMTFpMTAyNCUyMTJpNzY4JTIxNGYxMy4xJTIxM20zJTIxMW0yJTIxMXMweDE0YWViYjZkNjU3ZDNlZTMlMjUzQTB4YmI2NTJlMmQwMzNmZDllNSUyMTJ6enBIT3M4NnZ6cl9QaFNET29NNnh6NDNPdTg2X3o0VWdNaXdnenByT3NjNnl6cXpPdTg2eElEWTFNeUF3TWclMjE1ZTAlMjEzbTIlMjExc2VsJTIxMnNnciUyMTR2MTY5OTIwNTIxMDEzNiUyMTVtMiUyMTFzZWwlMjEyc2dyJTIyJTIwd2lkdGglM0QlMjIxMDAlMjUlMjIlMjBoZWlnaHQlM0QlMjI0NTAlMjIlMjBzdHlsZSUzRCUyMmJvcmRlciUzQTAlM0IlMjIlMjBhbGxvd2Z1bGxzY3JlZW4lM0QlMjIlMjIlMjBsb2FkaW5nJTNEJTIybGF6eSUyMiUyMHJlZmVycmVycG9saWN5JTNEJTIybm8tcmVmZXJyZXItd2hlbi1kb3duZ3JhZGUlMjIlM0UlM0MlMkZpZnJhbWUlM0U=[\/vc_raw_html][vc_empty_space height=&#8221;30px&#8221;][\/vc_column][\/vc_row][vc_row el_class=&#8221;sohohotel-content-inner&#8221;][vc_column][vc_column_text]VALANTIS ROOM&#8217;daki rezervasyonunuz i\u00e7in \u00e7ok te\u015fekk\u00fcr ederiz (en fazla 2 ki\u015filik kapasite). Oda saat 15:00&#8217;te m\u00fcsait olacak (check-in). Merdivenlerden sonra binan\u0131n ana giri\u015fini bulacaks\u0131n\u0131z. Bir tabela var ve tabelan\u0131n yan\u0131nda anahtarlar\u0131 i\u00e7eren siyah bir kutu var. A\u00e7mak i\u00e7in d\u00f6rt haneli bir kod<\/p>\n<a href=\"https:\/\/kavalabnb.valantishouses.gr\/tr\/valantis-room-checkout\/\" class=\"sohohotel-more-link\">Read More<\/a>","protected":false},"author":1,"featured_media":0,"parent":0,"menu_order":0,"comment_status":"closed","ping_status":"closed","template":"","meta":{"footnotes":""},"class_list":["post-1246","page","type-page","status-publish","hentry"],"_links":{"self":[{"href":"https:\/\/kavalabnb.valantishouses.gr\/tr\/wp-json\/wp\/v2\/pages\/1246","targetHints":{"allow":["GET"]}}],"collection":[{"href":"https:\/\/kavalabnb.valantishouses.gr\/tr\/wp-json\/wp\/v2\/pages"}],"about":[{"href":"https:\/\/kavalabnb.valantishouses.gr\/tr\/wp-json\/wp\/v2\/types\/page"}],"author":[{"embeddable":true,"href":"https:\/\/kavalabnb.valantishouses.gr\/tr\/wp-json\/wp\/v2\/users\/1"}],"replies":[{"embeddable":true,"href":"https:\/\/kavalabnb.valantishouses.gr\/tr\/wp-json\/wp\/v2\/comments?post=1246"}],"version-history":[{"count":12,"href":"https:\/\/kavalabnb.valantishouses.gr\/tr\/wp-json\/wp\/v2\/pages\/1246\/revisions"}],"predecessor-version":[{"id":2287,"href":"https:\/\/kavalabnb.valantishouses.gr\/tr\/wp-json\/wp\/v2\/pages\/1246\/revisions\/2287"}],"wp:attachment":[{"href":"https:\/\/kavalabnb.valantishouses.gr\/tr\/wp-json\/wp\/v2\/media?parent=1246"}],"curies":[{"name":"wp","href":"https:\/\/api.w.org\/{rel}","templated":true}]}}