{"id":1229,"date":"2023-12-02T17:33:13","date_gmt":"2023-12-02T17:33:13","guid":{"rendered":"https:\/\/kavalabnb.valantishouses.gr\/prosopika-dedomena\/"},"modified":"2026-03-27T20:09:44","modified_gmt":"2026-03-27T20:09:44","slug":"prosopika-dedomena","status":"publish","type":"page","link":"https:\/\/kavalabnb.valantishouses.gr\/tr\/prosopika-dedomena\/","title":{"rendered":"Gizlilik Politikas\u0131"},"content":{"rendered":"<div class=\"wpb-content-wrapper\"><p>[vc_row][vc_column][vc_column_text css=&#8221;&#8221;]I. Ki\u015fisel Veriler Hakk\u0131nda Bilgi.<br \/>\n&#8220;KONSTANTINOS O\u011eLU PASCHALIS CHRYSOVALANTIS&#8221; ticari unvan\u0131 alt\u0131nda faaliyet g\u00f6steren \u015fah\u0131s i\u015fletmesi (bundan sonra &#8220;\u015eirket&#8221; olarak an\u0131lacakt\u0131r), Kavala&#8217;da, Tsolaki 7 Caddesi, Vergi Kimlik Numaras\u0131 066519457 ve G.E.MI. Numaras\u0131 172778630000, bu web sitesinin sahibi olarak, ziyaret\u00e7ileri\/kullan\u0131c\u0131lar\u0131 (bundan sonra &#8220;Kullan\u0131c\u0131lar&#8221; olarak an\u0131lacakt\u0131r) bu web sitesindeki ziyaretleri ve gezinmeleri s\u0131ras\u0131nda toplayabilece\u011fi ve i\u015fleyebilece\u011fi bilgilerin t\u00fcr\u00fc ve kapsam\u0131 hakk\u0131nda bilgilendirmek ister ve ki\u015fisel verilerinin her zaman kullan\u0131c\u0131lar\u0131n \u00e7\u0131karlar\u0131 do\u011frultusunda i\u015flendi\u011fini, ayn\u0131 zamanda Avrupa Genel Veri Koruma Y\u00f6netmeli\u011fi 679\/2016 (&#8220;GDPR&#8221;) ve ilgili Yunanistan Yasas\u0131 4624\/2019 uyar\u0131nca tamamen uygun bir \u015fekilde i\u015flendi\u011fini, yasall\u0131k, \u015feffafl\u0131k, do\u011fruluk, kullan\u0131labilirlik ve b\u00fct\u00fcnl\u00fck ilkelerine tamamen uygun bir \u015fekilde uyguland\u0131\u011f\u0131n\u0131 belirtmek ister. \u015eirket, ki\u015fisel verilerinizi korumak ve gizlili\u011finizi sa\u011flamak i\u00e7in uygun teknik ve organizasyonel \u00f6nlemleri uygular, ki bu da onun i\u00e7in son derece \u00f6nemli ve \u00f6nceliklidir.<br \/>\n\u015eirket, gizlili\u011fi \u00e7ok ciddiye al\u0131r. Bu temel y\u00fck\u00fcml\u00fcl\u00fc\u011f\u00fcn bir par\u00e7as\u0131 olarak, \u015eirket, resmi web sitesi veya uygun di\u011fer herhangi bir \u015fekilde toplanan ve genellikle &#8220;ki\u015fisel veriler&#8221; olarak adland\u0131r\u0131lan ki\u015fisel bilgileri uygun bir \u015fekilde korumay\u0131 ve kullanmay\u0131 taahh\u00fct eder.<br \/>\nAmac\u0131m\u0131z, kullan\u0131c\u0131lar\u0131m\u0131z\u0131n web sitemiz hakk\u0131nda bilgi alabilmeleri ve bilimsel analizlerimiz hakk\u0131nda bilgi alabilmeleri i\u00e7in sadece kullan\u0131c\u0131lar\u0131m\u0131z\u0131n g\u00f6n\u00fcll\u00fc olarak sa\u011flad\u0131\u011f\u0131 ki\u015fisel verileri toplamakt\u0131r.<br \/>\nL\u00fctfen, ald\u0131\u011f\u0131m\u0131z ki\u015fisel verileri nas\u0131l toplad\u0131\u011f\u0131m\u0131z, kulland\u0131\u011f\u0131m\u0131z, iletti\u011fimiz ve korudu\u011fumuz hakk\u0131nda daha fazla bilgi edinmek i\u00e7in bu \u00c7evrimi\u00e7i Gizlilik Politikas\u0131 ve Ki\u015fisel Veri Koruma Beyan\u0131n\u0131 inceleyin.<br \/>\n\u015eirket, ki\u015fisel verileri i\u015fleyen veri sorumlusu olarak, &#8220;www.kavalabnb.valantishouses.gr&#8221; (bundan sonra &#8220;web sitesi&#8221;) web sitesini ziyaret\/ kullanan ki\u015fisel verileri ilgilendiren kullan\u0131c\u0131y\u0131, i\u015fbu politikaya ve ki\u015fisel verilerle ilgili ilgili kararlara, y\u00f6nergeler ve d\u00fczenleyici eylemlere tabi olacak \u015fekilde bilgilendirir. Veri Koruma Otoritesi.<br \/>\nKi\u015filere ait verilere ili\u015fkin olarak verilen bilgi miktar\u0131n\u0131n uygulanabilir yasalar gere\u011fi s\u0131n\u0131rl\u0131 olabilece\u011fi durumlar olabilir (\u00f6rne\u011fin, bunun ba\u015fka bir ki\u015fi hakk\u0131nda bilgi vermekle ilgili oldu\u011fu durumlar).<br \/>\n\u015eirket, belirli durumlarda, belirli ki\u015fisel veri t\u00fcrlerini, uygulanabilir yasal gereksinimlere uygun olarak, duruma g\u00f6re durum baz\u0131nda saklama hakk\u0131na sahiptir. Anla\u015fmazl\u0131k durumunda, l\u00fctfen gizlilik ekibimizle &#8220;info@valantishouses.gr&#8221; adresinden ileti\u015fime ge\u00e7iniz. Talebiniz(leriniz) varsa, \u015eirket, talebinizi kabul veya reddetmek i\u00e7in bir (1) ay i\u00e7inde makul bir s\u00fcre i\u00e7inde size esasl\u0131 olarak cevap verecektir.<br \/>\nAyr\u0131ca, verileri etkilenen bireyler, \u015fikayette bulunma hakk\u0131na sahiptirler ve Yunanistan i\u00e7in bu yetkili denetim otoritesi Ki\u015fisel Verileri Koruma Otoritesi&#8217;dir (Kifisias 1-3, 115 23, Atina, Telefon Merkezi: +30-210 6475600, E-posta: contact@dpa.gr).<br \/>\nII. Veri \u0130\u015fleme Sorumlusu.<br \/>\nVeri Sorumlusu, Kavala&#8217;da, 82 Agiou Athanasiou Caddesi, Vergi Kimlik Numaras\u0131 066519457 ve G.E.MI. Numaras\u0131 172778630000 olan &#8220;KONSTANTINOS O\u011eLU PASCHALIS CHRYSOVALANTIS&#8221; ticari unvan\u0131 alt\u0131nda faaliyet g\u00f6steren \u015fah\u0131s i\u015fletmesidir.<br \/>\nIII. Ki\u015fisel Verilerin Toplanmas\u0131 ve Kullan\u0131lmas\u0131.<br \/>\n\u015eirket, ki\u015fisel verilerin adil ve yasal bir \u015fekilde toplanmas\u0131n\u0131 ve i\u015flenmesini sa\u011flar. Bunlar, sizi do\u011frudan veya dolayl\u0131 olarak tan\u0131mlayan bilgilerdir, \u00f6zellikle ad, e-posta adresi, posta adresi, telefon numaras\u0131 ve cep telefonu numaras\u0131 gibi ileti\u015fim tan\u0131mlama \u00f6\u011fesine kay\u0131t yoluyla. Sa\u011flanan ki\u015fisel verilerin do\u011fru ve eksiksiz oldu\u011fundan ve bunlarda herhangi bir de\u011fi\u015fiklik veya de\u011fi\u015fiklik oldu\u011funda \u015eirketi bilgilendirmeyi taahh\u00fct edersiniz. \u0130leti\u015fim veya ilgi formlar\u0131nda yanl\u0131\u015f, yan\u0131lt\u0131c\u0131 veya eksik bilgilerin if\u015fas\u0131 yoluyla \u015eirket veya \u00fc\u00e7\u00fcnc\u00fc bir ki\u015fiye verilen zarardan veya zarardan yaln\u0131zca kullan\u0131c\u0131n\u0131n sorumlu oldu\u011funu garanti edersiniz.<br \/>\nElektronik ileti\u015fim formunda, elektronik ba\u015fvuru, b\u00fclten talebi ve ilgi formunda, serbest metin alanlar\u0131 olabilir. Bu alanlarda, kullan\u0131c\u0131n\u0131n fiziksel veya zihinsel sa\u011fl\u0131\u011f\u0131, biyometrik verileri,<\/p>\n<p>IV. Ki\u015fisel Verilerin \u0130\u015flenme Ama\u00e7lar\u0131.<br \/>\nA. \u015eirket (veya onun ad\u0131na hareket eden verileri i\u015fleyenler), ge\u00e7erli yasal h\u00fck\u00fcmler ve bu Gizlilik Politikas\u0131 uyar\u0131nca kullan\u0131c\u0131lar\u0131n ki\u015fisel verilerini toplar, i\u015fler ve kullan\u0131r.<br \/>\nBize sa\u011flad\u0131\u011f\u0131n\u0131z bilgileri, b\u00fcltenler gibi hizmetlerimizi i\u015fletmek ve sunmak amac\u0131yla topluyoruz. Toplanan ki\u015fisel veriler, sizin taraf\u0131n\u0131zdan talep edilen i\u015flem veya hizmetin etkin bir \u015fekilde ger\u00e7ekle\u015ftirilmesi ve bilimsel analizler i\u00e7in kesinlikle gereklidir.<br \/>\nWeb sitesinin b\u00fcltenlerine abone olarak, kullan\u0131c\u0131lar, a\u00e7\u0131k\u00e7a onaylar\u0131n\u0131 vererek, sundu\u011fumuz bilgileri almay\u0131 kabul ederler, ayr\u0131ca bunlara kat\u0131l\u0131mlar\u0131ndan kaynaklanan herhangi bir yar\u0131\u015fma veya \u00f6d\u00fcl i\u00e7in de.<br \/>\n\u015eirket, ki\u015fisel verileri yaln\u0131zca yukar\u0131da belirtilen ama\u00e7lar i\u00e7in ve yaln\u0131zca bu ama\u00e7lar\u0131n etkin bir \u015fekilde yerine getirilmesi i\u00e7in kesinlikle gerekli olan \u00f6l\u00e7\u00fcde toplar ve i\u015fler. Bu veriler her zaman ilgili, uygun, yukar\u0131daki ama\u00e7lar i\u00e7in gere\u011finden fazla olmayacak \u015fekilde, do\u011fru ve gerekti\u011finde g\u00fcncellenmi\u015ftir.<\/p>\n<p>B. \u015eirket, Web Sitesi kullan\u0131c\u0131lar\u0131n\u0131n ki\u015fisel verilerini hi\u00e7bir durumda ve hi\u00e7bir sebep g\u00f6stermeksizin if\u015fa etmeyecek veya if\u015fa etmeyecek, bunun i\u00e7in kullan\u0131c\u0131lar\u0131n serbest ve a\u00e7\u0131k r\u0131zas\u0131n\u0131 alm\u0131\u015fsa veya b\u00f6yle bir if\u015fa, uygulanabilir yasalara uygun olarak belirli bir yetkili makam taraf\u0131ndan belirlenen yasal bir y\u00fck\u00fcml\u00fcl\u00fckten kaynaklan\u0131yorsa.<br \/>\n\u00d6zellikle, \u015firket:<br \/>\n&#8211; A\u00e7\u0131klad\u0131\u011f\u0131n\u0131z ki\u015fisel verilerin gizlili\u011fini korur.<br \/>\n&#8211; Veri i\u015fleme i\u00e7in \u00f6rg\u00fctsel ve teknik g\u00fcvenlik \u00f6nlemleri uygular, bunlar\u0131n mant\u0131ksal ve fiziksel g\u00fcvenli\u011fini korur, g\u00fcvenli yaz\u0131l\u0131m, fiziksel koruma ve \u015fifreleme gibi.<br \/>\n&#8211; Tasar\u0131m ve varsay\u0131lan olarak sistemlerimiz, mevcut yasalara dayal\u0131 y\u00fck\u00fcml\u00fcl\u00fcklerimizi yerine getirebilece\u011fimizi garanti eder.<br \/>\n&#8211; Verilerinizin ihlaline ili\u015fkin herhangi bir olay\u0131 derhal size bildirir.<br \/>\n&#8211; Ki\u015fisel verilerin korunmas\u0131 hakk\u0131ndaki mevcut yasal \u00e7er\u00e7eveye uygun hareket eder.<\/p>\n<p>V. Bilgi G\u00fcvenli\u011fi ve Ki\u015fisel Veri Saklama.<br \/>\n\u015eirket, toplad\u0131\u011f\u0131 ve i\u015fledi\u011fi kullan\u0131c\u0131 bilgilerinin yetkisiz eri\u015fim, kullan\u0131m veya if\u015fa edilmesine kar\u015f\u0131 korumaya yard\u0131mc\u0131 olmak i\u00e7in teknik, idari ve fiziksel g\u00fcvenlik mekanizmalar\u0131 olu\u015fturmu\u015ftur. Ayr\u0131ca, ki\u015fisel verilerinizi ve gizlili\u011finizi korumak i\u00e7in gerekli t\u00fcm uygun teknik ve organizasyonel \u00f6nlemleri al\u0131r.<br \/>\n\u015eirket, bilgilerinizi sadece toplama ve i\u015fleme ama\u00e7lar\u0131n\u0131n ba\u015far\u0131lmas\u0131 i\u00e7in gereken s\u00fcre boyunca saklayacakt\u0131r ve daha sonra g\u00fcvenli bir \u015fekilde silinecektir, bilgilerinizin saklanmas\u0131na devam etmek, talebiniz veya mevcut yasalar\u0131n uygulanmas\u0131 taraf\u0131ndan sa\u011flan\u0131r.<br \/>\nKi\u015fisel verilere eri\u015fim, sadece \u015firket personeline s\u0131k\u0131 bir \u015fekilde s\u0131n\u0131rl\u0131d\u0131r ve mesleki s\u0131r, gizlilik ve gizlilik kurallar\u0131 ge\u00e7erlidir. Herhangi bir veri i\u015fleme, yetkili ki\u015filer taraf\u0131ndan mevcut yasalar\u0131n belirledi\u011fi kurallar ve prosed\u00fcrler do\u011frultusunda tamamen uyumlu bir \u015fekilde ger\u00e7ekle\u015ftirilir, ki\u015fisel verilerinizin g\u00fcvenli\u011fini sa\u011flar ve herhangi bir yetkisiz eri\u015fim ve kullan\u0131m, sahtekarl\u0131k, kay\u0131p\/h\u0131rs\u0131zl\u0131k veya yok etmeye kar\u015f\u0131 koruma sa\u011flar.<\/p>\n<p>Bu Gizlilik Politikas\u0131 yaln\u0131zca web sitesine (ilgili mobil uygulamalar dahil) uygulan\u0131r. Bu politika, ba\u015fka herhangi bir web sitesi arac\u0131l\u0131\u011f\u0131yla toplanan bilgilere veya kontrol etmedi\u011fimiz \u015firketlerin uygulamalar\u0131na uygulanmaz. L\u00fctfen web sitesinin ba\u015fka web sitelerine ba\u011flant\u0131lar i\u00e7erebilece\u011fini unutmay\u0131n. \u00d6rne\u011fin, web sitesinde bir reklama t\u0131klarsan\u0131z ve ba\u015fka bir web sitesine y\u00f6nlendirilirseniz, bu Gizlilik Politikas\u0131 o web sitesinde toplanan herhangi bir bilgiye uygulanmaz. Ba\u015fka web sitelerinin veri koruma uygulamalar\u0131ndan sorumlu de\u011filiz ve ziyaret etti\u011finiz her web sitesinin gizlilik politikas\u0131n\u0131 okuman\u0131z\u0131 \u00f6neririz.<\/p>\n<p>VI. R\u0131za Geri Alma Hakk\u0131.<br \/>\nVeri i\u015flemenin r\u0131zaya dayand\u0131\u011f\u0131 ki\u015filer, bu r\u0131zay\u0131 her zaman geri \u00e7ekebilirler.<br \/>\nHizmetlerimizle etkile\u015fimde bulunarak r\u0131zan\u0131z\u0131 verebilece\u011finiz gibi, sa\u011flad\u0131\u011f\u0131m\u0131z hizmetler arac\u0131l\u0131\u011f\u0131yla da r\u0131zan\u0131z\u0131 geri \u00e7ekebilirsiniz. Bu haklar\u0131 kullanmak i\u00e7in, ge\u00e7erli yasa gere\u011fince, \u015firketin yukar\u0131daki e-posta adresine bir talep g\u00f6nderin.<\/p>\n<p>VII. Di\u011fer kaynaklardan toplad\u0131\u011f\u0131m\u0131z bilgiler.<br \/>\n\u00dc\u00e7\u00fcnc\u00fc taraf kaynaklar\u0131ndan ald\u0131\u011f\u0131m\u0131z bilgiler hakk\u0131nda bilgi toplayabiliriz, \u00f6rne\u011fin:<br \/>\nA. Bilgi analizi ortaklar\u0131.<br \/>\n\u015eirket, kullan\u0131c\u0131lar\u0131n bir reklam\u0131 veya i\u00e7eri\u011fi g\u00f6r\u00fcnt\u00fcledikten veya t\u0131klad\u0131ktan sonra reklamda reklam\u0131 yap\u0131lan hizmeti veya \u00fcr\u00fcn\u00fc daha sonra sat\u0131n al\u0131p almad\u0131\u011f\u0131n\u0131 (veya reklam verenin niyetlerine g\u00f6re ba\u015fka bir eylem ger\u00e7ekle\u015ftirdi\u011fini) belirlemek i\u00e7in hizmetler sa\u011flayan \u015firketlerle i\u015fbirli\u011fi yapar. Bunun i\u00e7in, bu hizmetler, kullan\u0131c\u0131lar\u0131n g\u00f6sterdi\u011fi i\u00e7erik veya reklamlar hakk\u0131nda bilgi toplayabilir, \u00e7e\u015fitli sayfalarda ge\u00e7irdikleri zaman\u0131, belirli bir sayfaya nas\u0131l geldiklerini (\u00f6rne\u011fin, bir arama sorgusu, ba\u015fka bir sayfadan bir ba\u011flant\u0131 veya bir yer i\u015fareti arac\u0131l\u0131\u011f\u0131yla) ve g\u00f6sterdi\u011fimiz reklamlara nas\u0131l yan\u0131t verdiklerini toplayabilirler. Bu ortaklar, kontrol, ara\u015ft\u0131rma ve raporlama i\u00e7in bize ve reklam verenlerimize reklamlar\u0131m\u0131z hakk\u0131nda bilgi sa\u011flamak i\u00e7in hizmetlerimizi kulland\u0131\u011f\u0131n\u0131zda reklamlar\u0131m\u0131z hakk\u0131nda bilgi toplarlar.<br \/>\n\u00c7al\u0131\u015ft\u0131\u011f\u0131m\u0131z analitik bilgi sa\u011flay\u0131c\u0131lar\u0131, ancak bunlarla s\u0131n\u0131rl\u0131 olmamak \u00fczere a\u015fa\u011f\u0131da listelenen \u015firketlerdir. Bu \u015firketlerden baz\u0131lar\u0131 kullan\u0131c\u0131lara bilgi toplama ve kullanma konusunda se\u00e7enekler sunar. Daha fazla bilgi i\u00e7in gizlilik politikalar\u0131n\u0131 okuyun:<br \/>\n&#8211; Google Analytics<br \/>\nB. Sosyal a\u011f uygulamalar\u0131 ve grafiksel unsurlar.<br \/>\n\u015eirket, kullan\u0131c\u0131lar\u0131n etkile\u015fimde bulunmas\u0131na veya i\u00e7eri\u011fi payla\u015fmas\u0131na izin veren baz\u0131 web siteleri ve uygulamalarda \u00fc\u00e7\u00fcnc\u00fc taraflardan uygulamalar veya grafiksel unsurlar (widget&#8217;lar) uygulayabilir. Bu grafiksel unsurlar, ziyaret etti\u011finiz sayfada size g\u00f6r\u00fcn\u00fcr. Grafiksel unsuru sa\u011flayan a\u011f, grafiksel unsurun g\u00f6r\u00fcn\u00fcm\u00fcn\u00fc ve i\u015flevselli\u011fini y\u00f6netmek i\u00e7in size kontroller sunabilir. Bir grafiksel unsurla etkile\u015fiminiz genellikle \u00fc\u00e7\u00fcnc\u00fc taraf\u0131n IP adresinizi, sayfa ba\u015fl\u0131\u011f\u0131 bilgilerinizi ve taray\u0131c\u0131 bilgilerinizi de i\u00e7eren belirli bilgileri toplamas\u0131na izin verir. Baz\u0131 durumlarda, \u00fc\u00e7\u00fcnc\u00fc taraf, grafiksel unsurla etkile\u015fimde bulunmuyor olsan\u0131z bile, bir web sitesini ziyaret etti\u011finizde veya bir uygulamay\u0131 kullan\u0131rken grafiksel unsuru tan\u0131yabilir. \u015eirket, a\u015fa\u011f\u0131daki ortaklardan sosyal a\u011f d\u00fc\u011fmeleri, uygulamalar\u0131 ve grafiksel unsurlar\u0131n kullan\u0131lmas\u0131na izin verir (referans i\u00e7in belirtilmi\u015ftir):<br \/>\n&#8211; Facebook<br \/>\n&#8211; X<br \/>\n&#8211; Instagram<br \/>\n&#8211; Tik Tok<br \/>\n&#8211; LinkedIn<br \/>\n&#8211; Pinterest<br \/>\nC. Video i\u00e7erik sa\u011flay\u0131c\u0131lar\u0131.<br \/>\n\u015eirket, belirli video i\u00e7erik sa\u011flay\u0131c\u0131lar\u0131yla i\u015fbirli\u011fi yaparak video i\u00e7erik sa\u011flayabilir. Bu sa\u011flay\u0131c\u0131lar, kendi \u00e7erezlerini g\u00f6sterebilir, i\u015fleyebilir veya ayarlayabilir ve IP adresinizi, sayfa bilgilerinizi, taray\u0131c\u0131 bilgilerinizi, flash player s\u00fcr\u00fcm\u00fcn\u00fcz\u00fc, \u0130nternet h\u0131z\u0131n\u0131z\u0131 ve izlenen videonun hangi b\u00f6l\u00fcm\u00fcn\u00fc toplayabilirler.<\/p>\n<p>VIII. \u00c7erezler.<br \/>\nBu web sitesinin d\u00fczg\u00fcn \u00e7al\u0131\u015fmas\u0131n\u0131 sa\u011flamak i\u00e7in \u015firket bazen kullan\u0131c\u0131lar\u0131n bilgisayarlar\u0131na, &#8220;\u00e7erezler&#8221; olarak adland\u0131r\u0131lan k\u00fc\u00e7\u00fck veri dosyalar\u0131 yerle\u015ftirebilir.<br \/>\nBir \u00e7erez, herhangi bir web sitesini ziyaret etti\u011finizde bilgisayar\u0131n\u0131za, cep telefonunuza veya tabletinize depolanan bir dosyad\u0131r ve \u015fu t\u00fcr bilgileri depolayabilir:<br \/>\n&#8211; \u00c7evrimi\u00e7i davran\u0131\u015f\u0131n\u0131z, tercihleriniz, b\u00f6ylece (bizden, i\u015f ortaklar\u0131m\u0131zdan ve\/veya reklam verenlerimiz\/sponsorlar\u0131m\u0131zdan) tercihlerinize uygun hedeflenmi\u015f reklam veya teklifler alman\u0131z\u0131 sa\u011flamak i\u00e7in size g\u00f6nderilebilir ve ilgi alanlar\u0131n\u0131za uygun bir web sitesini ziyaret etti\u011finizde size sunulmaya devam edecektir (davran\u0131\u015fsal reklam\/\u00fc\u00e7\u00fcnc\u00fc taraf \u00e7erezleri),<br \/>\n&#8211; Web sitesinde ziyaret etti\u011finiz sayfalar ve \u00fczerlerinde olu\u015fan herhangi bir hata (performans \u00e7erezleri),<br \/>\n&#8211; Web sitesi kullan\u0131m\u0131n\u0131n analizi (\u00f6rne\u011fin, Google Analytics),<br \/>\n&#8211; Kulland\u0131\u011f\u0131n\u0131z taray\u0131c\u0131 t\u00fcr\u00fc,<br \/>\n&#8211; \u0130nternet servis sa\u011flay\u0131c\u0131n\u0131z (ISS),<br \/>\n&#8211; Sosyal medya kullan\u0131m\u0131n\u0131z, co\u011frafi konumunuz (\u00f6rne\u011fin, belirli bir \u015fehir i\u00e7in hava durumu tahmini aramas\u0131 yapmak) veya kullan\u0131c\u0131 ad\u0131n\u0131z\u0131n (gerekti\u011finde) depolanmas\u0131, b\u00f6ylece web sitemize geri d\u00f6nd\u00fc\u011f\u00fcn\u00fczde bunu s\u0131f\u0131rdan yeniden girmeniz gerekmez (i\u015flevsellik \u00e7erezleri).<br \/>\nWeb sitemiz, kullan\u0131c\u0131 deneyimini iyile\u015ftirmek ve kullan\u0131c\u0131lara en y\u00fcksek kalitede hizmetleri sunmak i\u00e7in \u00e7erezleri ba\u015fl\u0131ca kullan\u0131r.<br \/>\n\u00c7erezleri kabul etme zorunlulu\u011funuz yoktur ve bu nedenle, ek bir \u00f6nlem olarak, \u00e7erezleri kabul etmemek i\u00e7in taray\u0131c\u0131 ayarlar\u0131n\u0131z\u0131 de\u011fi\u015ftirebilirsiniz. \u0130nternet \u00fczerinde s\u00f6rf yapmak i\u00e7in kulland\u0131\u011f\u0131n\u0131z taray\u0131c\u0131, yaln\u0131zca sahip oldu\u011funuz \u00e7erezleri g\u00f6stermenize izin vermekle kalmaz, ayn\u0131 zamanda bunlar\u0131n kullan\u0131m\u0131n\u0131 da kontrol etmenize olanak tan\u0131r.<br \/>\nOnlar\u0131 kabul ederek veya t\u00fcm\u00fcn\u00fc veya bir k\u0131sm\u0131n\u0131 silebilirsiniz. Ayr\u0131ca taray\u0131c\u0131n\u0131z\u0131 herhangi bir web sitesinden \u00e7erez kabul etmeyecek \u015fekilde yap\u0131land\u0131rabilirsiniz. Ayr\u0131ca taray\u0131c\u0131n\u0131z\u0131 cihaz\u0131n\u0131zda herhangi bir \u00e7erezi kabul etmeden \u00f6nce onay\u0131n\u0131z\u0131 istemek \u00fczere yap\u0131land\u0131rabilirsiniz. Bu size \u00e7erezler \u00fczerinde tam kontrol sa\u011flar ancak internet gezintinizi yava\u015flatma dezavantaj\u0131na sahiptir.<br \/>\n\u00c7erez kontrol\u00fcn\u00fcn farkl\u0131 seviyeleri oldu\u011funu belirtmek gerekir. Taray\u0131c\u0131n\u0131z arac\u0131l\u0131\u011f\u0131yla, \u00fc\u00e7\u00fcnc\u00fc taraf \u00e7erezlerini veya davran\u0131\u015fsal reklam \u00e7erezlerini almay\u0131 reddetme se\u00e7ene\u011fine sahipsiniz. Baz\u0131 taray\u0131c\u0131larda, \u00e7erez almak istemedi\u011finiz belirli \u015firketleri bile engelleyebilirsiniz.<br \/>\nDaha fazla bilgi i\u00e7in www.allaboutcookies.org web sitesini ziyaret edebilirsiniz.<\/p>\n<p>IX. Uygulanabilir yasa ve di\u011fer ko\u015fullar.<br \/>\nA. \u015eirket, ki\u015fisel verilerin korunmas\u0131 i\u00e7in bu politikay\u0131 tek tarafl\u0131 olarak de\u011fi\u015ftirme veya yenileme hakk\u0131n\u0131 sakl\u0131 tutar. Bu nedenle, kullan\u0131c\u0131lar\u0131n d\u00fczenli olarak bu i\u00e7eri\u011fi incelemesi ve herhangi bir de\u011fi\u015fiklik olup olmad\u0131\u011f\u0131n\u0131 kontrol etmesi gerekir.<br \/>\nBu Politikan\u0131n bir h\u00fckm\u00fcn\u00fcn veya h\u00fckm\u00fcn\u00fcn ge\u00e7ersiz veya iptal edilebilir kabul edilmesi durumunda, ge\u00e7ersiz kabul edilir ve geriye kalan h\u00fck\u00fcmlerin ge\u00e7er[\/vc_column_text][\/vc_column][\/vc_row]<\/p>\n<\/div>","protected":false},"excerpt":{"rendered":"<p>[vc_row][vc_column][vc_column_text css=&#8221;&#8221;]I. Ki\u015fisel Veriler Hakk\u0131nda Bilgi. &#8220;KONSTANTINOS O\u011eLU PASCHALIS CHRYSOVALANTIS&#8221; ticari unvan\u0131 alt\u0131nda faaliyet g\u00f6steren \u015fah\u0131s i\u015fletmesi (bundan sonra &#8220;\u015eirket&#8221; olarak an\u0131lacakt\u0131r), Kavala&#8217;da, Tsolaki 7 Caddesi, Vergi Kimlik Numaras\u0131 066519457 ve G.E.MI. Numaras\u0131 172778630000, bu web sitesinin sahibi olarak, ziyaret\u00e7ileri\/kullan\u0131c\u0131lar\u0131 (bundan sonra &#8220;Kullan\u0131c\u0131lar&#8221; olarak an\u0131lacakt\u0131r) bu web sitesindeki ziyaretleri ve gezinmeleri s\u0131ras\u0131nda toplayabilece\u011fi ve i\u015fleyebilece\u011fi<\/p>\n<a href=\"https:\/\/kavalabnb.valantishouses.gr\/tr\/prosopika-dedomena\/\" class=\"sohohotel-more-link\">Read More<\/a>","protected":false},"author":1,"featured_media":0,"parent":0,"menu_order":0,"comment_status":"closed","ping_status":"closed","template":"","meta":{"footnotes":""},"class_list":["post-1229","page","type-page","status-publish","hentry"],"_links":{"self":[{"href":"https:\/\/kavalabnb.valantishouses.gr\/tr\/wp-json\/wp\/v2\/pages\/1229","targetHints":{"allow":["GET"]}}],"collection":[{"href":"https:\/\/kavalabnb.valantishouses.gr\/tr\/wp-json\/wp\/v2\/pages"}],"about":[{"href":"https:\/\/kavalabnb.valantishouses.gr\/tr\/wp-json\/wp\/v2\/types\/page"}],"author":[{"embeddable":true,"href":"https:\/\/kavalabnb.valantishouses.gr\/tr\/wp-json\/wp\/v2\/users\/1"}],"replies":[{"embeddable":true,"href":"https:\/\/kavalabnb.valantishouses.gr\/tr\/wp-json\/wp\/v2\/comments?post=1229"}],"version-history":[{"count":3,"href":"https:\/\/kavalabnb.valantishouses.gr\/tr\/wp-json\/wp\/v2\/pages\/1229\/revisions"}],"predecessor-version":[{"id":2245,"href":"https:\/\/kavalabnb.valantishouses.gr\/tr\/wp-json\/wp\/v2\/pages\/1229\/revisions\/2245"}],"wp:attachment":[{"href":"https:\/\/kavalabnb.valantishouses.gr\/tr\/wp-json\/wp\/v2\/media?parent=1229"}],"curies":[{"name":"wp","href":"https:\/\/api.w.org\/{rel}","templated":true}]}}