{"id":1227,"date":"2023-10-18T17:08:36","date_gmt":"2023-10-18T17:08:36","guid":{"rendered":"https:\/\/kavalabnb.valantishouses.gr\/rooms\/"},"modified":"2023-12-02T19:51:42","modified_gmt":"2023-12-02T19:51:42","slug":"rooms","status":"publish","type":"page","link":"https:\/\/kavalabnb.valantishouses.gr\/tr\/rooms\/","title":{"rendered":"Evler"},"content":{"rendered":"<div class=\"wpb-content-wrapper\"><p>[vc_row][vc_column]\t\t\n\t\t\t\t\n\t\t\t<!-- BEGIN .shb-accommodation-listing-filter-sorting -->\n\t\t\t<div class=\"shb-accommodation-listing-filter-sorting shb-clearfix\">\n\t\t\t\n\t\t\t\t\t\t\t\n\t\t\t\t<div class=\"shb-accommodation-listing-filter shb-clearfix\">\n\t\t\t\t\t<p>Taraf\u0131ndan filtre:<\/p>\n\t\t\t\t\t<ul>\n\t\t\t\t\t\t<li class=\"shb-filter-current\"><a href=\"https:\/\/kavalabnb.valantishouses.gr\/tr\/wp-json\/wp\/v2\/pages\/1227\/?shb-orderby=2\">T\u00fcm<\/a><\/li><li class=\"\"><a href=\"https:\/\/kavalabnb.valantishouses.gr\/tr\/wp-json\/wp\/v2\/pages\/1227\/?shb-orderby=2&shb-accommodation-type=rooms-tr\">Evler<\/a><\/li><li class=\"\"><a href=\"https:\/\/kavalabnb.valantishouses.gr\/tr\/wp-json\/wp\/v2\/pages\/1227\/?shb-orderby=2&shb-accommodation-type=under-construction-tr\">Yap\u0131m halinde<\/a><\/li>\t\t\t\t\t<\/ul>\n\t\t\t\t<\/div>\n\t\t\t\n\t\t\t\t\t\t\t\n\t\t\t\t\t\n\t\t\t<!-- END .shb-accommodation-listing-filter-sorting -->\n\t\t\t<\/div>\n\t\t\n\t\t\t\t\n\t\t<!-- BEGIN .shb-accommodation-listing-style-2 -->\n\t\t<div class=\"shb-accommodation-listing-style-2 shb-accommodation-listing-style-2-columns-2\">\n\t\t\t\n\t\t\t\t\n\t\t\t<!-- BEGIN .shb-accommodation-listing-item -->\n\t\t\t<div class=\"shb-accommodation-listing-item\">\n\t\t\t\t\n\t\t\t\t<div class=\"shb-accommodation-listing-image\">\n\t\t\t\t\t\n\t\t\t\t\t<a href=\"https:\/\/kavalabnb.valantishouses.gr\/tr\/valantis-room\/\" rel=\"bookmark\" class=\"shb-accommodation-listing-button1\">\u0130tibaren 50\u20ac \/ Gece<\/a>\n\t\t\t\t\t\n\t\t\t\t\t\t\t\t\t\t\t\t\t\t\t<a href=\"https:\/\/kavalabnb.valantishouses.gr\/tr\/valantis-room\/\" rel=\"bookmark\">\n\t\t\t\t\t\t<img decoding=\"async\" src=\"https:\/\/kavalabnb.valantishouses.gr\/wp-content\/uploads\/2023\/11\/valantis-room-kavalabnb-thumb.jpg\" alt=\"Valantis Odas\u0131\" \/>\t\t\t\t\t<\/a>\n\t\t\t\t\t\t\t\t\t\t\n\t\t\t\t<\/div>\n\t\t\t\t\n\t\t\t\t<div class=\"shb-accommodation-listing-description-wrapper\">\n\t\t\t\t\n\t\t\t\t\t<h3><a href=\"https:\/\/kavalabnb.valantishouses.gr\/tr\/valantis-room\/\" rel=\"bookmark\" title=\"Valantis Odas\u0131\">Valantis Odas\u0131<\/a><\/h3>\n\t\t\t\t\n\t\t\t\t\t<div class=\"shb-accommodation-listing-description shb-clearfix\">\n\t\t\t\t\t\n\t\t\t\t\t\t<ul>\r\n<li><i class=\"fas fa-user\"><\/i><span>Kapasite:<\/span> 2 Yeti\u015fkinler<\/li>\r\n<li><i class=\"fas fa-ruler-combined\"><\/i><span>Boyut:<\/span> 25m<sup>2<\/sup><\/li>\r\n<li><i class=\"fas fa-binoculars\"><\/i><span>G\u00f6r\u00fc\u015f:<\/span>\u015eehir<\/li>\r\n<\/ul>\t\t\t\t\t\n\t\t\t\t\t<\/div>\n\t\t\t\t\n\t\t\t\t<\/div>\n\t\t\t\t\n\t\t\t<!-- END .shb-accommodation-listing-item -->\n\t\t\t<\/div>\n\t\t\n\t\t\t\t\n\t\t\t<!-- BEGIN .shb-accommodation-listing-item -->\n\t\t\t<div class=\"shb-accommodation-listing-item\">\n\t\t\t\t\n\t\t\t\t<div class=\"shb-accommodation-listing-image\">\n\t\t\t\t\t\n\t\t\t\t\t<a href=\"https:\/\/kavalabnb.valantishouses.gr\/tr\/valantis-house\/\" rel=\"bookmark\" class=\"shb-accommodation-listing-button1\">\u0130tibaren 75\u20ac \/ Gece<\/a>\n\t\t\t\t\t\n\t\t\t\t\t\t\t\t\t\t\t\t\t\t\t<a href=\"https:\/\/kavalabnb.valantishouses.gr\/tr\/valantis-house\/\" rel=\"bookmark\">\n\t\t\t\t\t\t<img decoding=\"async\" src=\"https:\/\/kavalabnb.valantishouses.gr\/wp-content\/uploads\/2023\/10\/valantis-house-kavalabnb-thumb-2.jpg\" alt=\"Valantis Evi\" \/>\t\t\t\t\t<\/a>\n\t\t\t\t\t\t\t\t\t\t\n\t\t\t\t<\/div>\n\t\t\t\t\n\t\t\t\t<div class=\"shb-accommodation-listing-description-wrapper\">\n\t\t\t\t\n\t\t\t\t\t<h3><a href=\"https:\/\/kavalabnb.valantishouses.gr\/tr\/valantis-house\/\" rel=\"bookmark\" title=\"Valantis Evi\">Valantis Evi<\/a><\/h3>\n\t\t\t\t\n\t\t\t\t\t<div class=\"shb-accommodation-listing-description shb-clearfix\">\n\t\t\t\t\t\n\t\t\t\t\t\t<ul>\r\n<li><i class=\"fas fa-user\"><\/i><span>Kapasite:<\/span> 3 Yeti\u015fkinler<\/li>\r\n<li><i class=\"fas fa-ruler-combined\"><\/i><span>Size:<\/span> 33 m<sup>2<\/sup><\/li>\r\n<li><i class=\"fas fa-binoculars\"><\/i><span>G\u00f6r\u00fc\u015f:<\/span>\u015eehir<\/li>\r\n<\/ul>\t\t\t\t\t\n\t\t\t\t\t<\/div>\n\t\t\t\t\n\t\t\t\t<\/div>\n\t\t\t\t\n\t\t\t<!-- END .shb-accommodation-listing-item -->\n\t\t\t<\/div>\n\t\t\n\t\t\t\t\n\t\t\t<!-- BEGIN .shb-accommodation-listing-item -->\n\t\t\t<div class=\"shb-accommodation-listing-item\">\n\t\t\t\t\n\t\t\t\t<div class=\"shb-accommodation-listing-image\">\n\t\t\t\t\t\n\t\t\t\t\t<a href=\"https:\/\/kavalabnb.valantishouses.gr\/tr\/valantis-apartment\/\" rel=\"bookmark\" class=\"shb-accommodation-listing-button1\">\u0130tibaren 100\u20ac \/ Gece<\/a>\n\t\t\t\t\t\n\t\t\t\t\t\t\t\t\t\t\t\t\t\t\t<a href=\"https:\/\/kavalabnb.valantishouses.gr\/tr\/valantis-apartment\/\" rel=\"bookmark\">\n\t\t\t\t\t\t<img decoding=\"async\" src=\"https:\/\/kavalabnb.valantishouses.gr\/wp-content\/uploads\/2023\/10\/kavalabnb-valantis-apartment-thumb-2.jpg\" alt=\"Valantis Apartman\u0131\" \/>\t\t\t\t\t<\/a>\n\t\t\t\t\t\t\t\t\t\t\n\t\t\t\t<\/div>\n\t\t\t\t\n\t\t\t\t<div class=\"shb-accommodation-listing-description-wrapper\">\n\t\t\t\t\n\t\t\t\t\t<h3><a href=\"https:\/\/kavalabnb.valantishouses.gr\/tr\/valantis-apartment\/\" rel=\"bookmark\" title=\"Valantis Apartman\u0131\">Valantis Apartman\u0131<\/a><\/h3>\n\t\t\t\t\n\t\t\t\t\t<div class=\"shb-accommodation-listing-description shb-clearfix\">\n\t\t\t\t\t\n\t\t\t\t\t\t<ul>\r\n<li><i class=\"fas fa-user\"><\/i><span>Kapasite:<\/span> 7 Yeti\u015fkinler<\/li>\r\n<li><i class=\"fas fa-ruler-combined\"><\/i><span>Boyut:<\/span> 100m<sup>2<\/sup><\/li>\r\n<li><i class=\"fas fa-binoculars\"><\/i><span>G\u00f6r\u00fc\u015f:<\/span>Deniz\/\u015eehir<\/li>\r\n<\/ul>\t\t\t\t\t\n\t\t\t\t\t<\/div>\n\t\t\t\t\n\t\t\t\t<\/div>\n\t\t\t\t\n\t\t\t<!-- END .shb-accommodation-listing-item -->\n\t\t\t<\/div>\n\t\t\n\t\t\t\t\n\t\t\t<!-- BEGIN .shb-accommodation-listing-item -->\n\t\t\t<div class=\"shb-accommodation-listing-item\">\n\t\t\t\t\n\t\t\t\t<div class=\"shb-accommodation-listing-image\">\n\t\t\t\t\t\n\t\t\t\t\t<a href=\"https:\/\/kavalabnb.valantishouses.gr\/tr\/valantis-ev\/\" rel=\"bookmark\" class=\"shb-accommodation-listing-button1\">\u0130tibaren 70\u20ac \/ Gece<\/a>\n\t\t\t\t\t\n\t\t\t\t\t\t\t\t\t\t\t\t\t\t\t<a href=\"https:\/\/kavalabnb.valantishouses.gr\/tr\/valantis-ev\/\" rel=\"bookmark\">\n\t\t\t\t\t\t<img decoding=\"async\" src=\"https:\/\/kavalabnb.valantishouses.gr\/wp-content\/uploads\/2023\/11\/valantis-home-kavalabnb.webp\" alt=\"Valantis Ev\" \/>\t\t\t\t\t<\/a>\n\t\t\t\t\t\t\t\t\t\t\n\t\t\t\t<\/div>\n\t\t\t\t\n\t\t\t\t<div class=\"shb-accommodation-listing-description-wrapper\">\n\t\t\t\t\n\t\t\t\t\t<h3><a href=\"https:\/\/kavalabnb.valantishouses.gr\/tr\/valantis-ev\/\" rel=\"bookmark\" title=\"Valantis Ev\">Valantis Ev<\/a><\/h3>\n\t\t\t\t\n\t\t\t\t\t<div class=\"shb-accommodation-listing-description shb-clearfix\">\n\t\t\t\t\t\n\t\t\t\t\t\t<ul>\r\n<li><i class=\"fas fa-user\"><\/i><span>Kapasite:<\/span> 4 Yeti\u015fkinler<\/li>\r\n<li><i class=\"fas fa-ruler-combined\"><\/i><span>Size:<\/span> 40 m<sup>2<\/sup><\/li>\r\n<li><i class=\"fas fa-binoculars\"><\/i><span>G\u00f6r\u00fc\u015f:<\/span>\u015eehir<\/li>\r\n<\/ul>\t\t\t\t\t\n\t\t\t\t\t<\/div>\n\t\t\t\t\n\t\t\t\t<\/div>\n\t\t\t\t\n\t\t\t<!-- END .shb-accommodation-listing-item -->\n\t\t\t<\/div>\n\t\t\n\t\t\t\t\t\n\t\t<!-- END .shb-accommodation-listing-style-2 -->\n\t\t<\/div>\n\t\n\t\t\n\t\t\t\n\t\t<div class=\"shb-clearboth\"><\/div>\n\t\t<div class=\"shb-accommodation-listing-2-pagination\">\n\t\t\t\t<\/div>\n\t\t\n\t\t\n\t[\/vc_column][\/vc_row]<\/p>\n<\/div>","protected":false},"excerpt":{"rendered":"<p>[vc_row][vc_column][\/vc_column][\/vc_row]<\/p>\n<a href=\"https:\/\/kavalabnb.valantishouses.gr\/tr\/valantis-ev\/\" class=\"sohohotel-more-link\">Read More<\/a>","protected":false},"author":1,"featured_media":0,"parent":0,"menu_order":0,"comment_status":"closed","ping_status":"closed","template":"","meta":{"footnotes":""},"class_list":["post-1227","page","type-page","status-publish","hentry"],"_links":{"self":[{"href":"https:\/\/kavalabnb.valantishouses.gr\/tr\/wp-json\/wp\/v2\/pages\/1227","targetHints":{"allow":["GET"]}}],"collection":[{"href":"https:\/\/kavalabnb.valantishouses.gr\/tr\/wp-json\/wp\/v2\/pages"}],"about":[{"href":"https:\/\/kavalabnb.valantishouses.gr\/tr\/wp-json\/wp\/v2\/types\/page"}],"author":[{"embeddable":true,"href":"https:\/\/kavalabnb.valantishouses.gr\/tr\/wp-json\/wp\/v2\/users\/1"}],"replies":[{"embeddable":true,"href":"https:\/\/kavalabnb.valantishouses.gr\/tr\/wp-json\/wp\/v2\/comments?post=1227"}],"version-history":[{"count":1,"href":"https:\/\/kavalabnb.valantishouses.gr\/tr\/wp-json\/wp\/v2\/pages\/1227\/revisions"}],"predecessor-version":[{"id":1228,"href":"https:\/\/kavalabnb.valantishouses.gr\/tr\/wp-json\/wp\/v2\/pages\/1227\/revisions\/1228"}],"wp:attachment":[{"href":"https:\/\/kavalabnb.valantishouses.gr\/tr\/wp-json\/wp\/v2\/media?parent=1227"}],"curies":[{"name":"wp","href":"https:\/\/api.w.org\/{rel}","templated":true}]}}