{"id":1211,"date":"2023-10-18T17:08:36","date_gmt":"2023-10-18T17:08:36","guid":{"rendered":"https:\/\/kavalabnb.valantishouses.gr\/epikoinonia\/"},"modified":"2026-03-27T20:01:57","modified_gmt":"2026-03-27T20:01:57","slug":"epikoinonia","status":"publish","type":"page","link":"https:\/\/kavalabnb.valantishouses.gr\/tr\/epikoinonia\/","title":{"rendered":"Temas etmek"},"content":{"rendered":"<div class=\"wpb-content-wrapper\"><p>[vc_row fixed_width=&#8221;true&#8221;][vc_column width=&#8221;1\/3&#8243;]<h3 class=\"sohohotel-title-20px sohohotel-clearfix sohohotel-title-left\">\u0130leti\u015fim Formu<\/h3>[vc_column_text]Herhangi bir sorunuz, yorumunuz veya bilgi ihtiyac\u0131n\u0131z varsa, l\u00fctfen a\u015fa\u011f\u0131daki ileti\u015fim formunu kullanarak bizimle ileti\u015fime ge\u00e7mekten \u00e7ekinmeyin. Size en k\u0131sa s\u00fcrede cevap verece\u011fiz. \u0130lginiz i\u00e7in te\u015fekk\u00fcrler![\/vc_column_text]\n<div class=\"wpcf7 no-js\" id=\"wpcf7-f1192-o1\" lang=\"el\" dir=\"ltr\" data-wpcf7-id=\"1192\">\n<div class=\"screen-reader-response\"><p role=\"status\" aria-live=\"polite\" aria-atomic=\"true\"><\/p> <ul><\/ul><\/div>\n<form action=\"\/tr\/wp-json\/wp\/v2\/pages\/1211#wpcf7-f1192-o1\" method=\"post\" class=\"wpcf7-form init\" aria-label=\"\u03a6\u03cc\u03c1\u03bc\u03b1 \u03b5\u03c0\u03b9\u03ba\u03bf\u03b9\u03bd\u03c9\u03bd\u03af\u03b1\u03c2\" novalidate=\"novalidate\" data-status=\"init\">\n<fieldset class=\"hidden-fields-container\"><input type=\"hidden\" name=\"_wpcf7\" value=\"1192\" \/><input type=\"hidden\" name=\"_wpcf7_version\" value=\"6.1.5\" \/><input type=\"hidden\" name=\"_wpcf7_locale\" value=\"el\" \/><input type=\"hidden\" name=\"_wpcf7_unit_tag\" value=\"wpcf7-f1192-o1\" \/><input type=\"hidden\" name=\"_wpcf7_container_post\" value=\"0\" \/><input type=\"hidden\" name=\"_wpcf7_posted_data_hash\" value=\"\" \/><input type=\"hidden\" name=\"_wpcf7_recaptcha_response\" value=\"\" \/>\n<\/fieldset>\n<p><label> \u0130sim*<br \/>\n<span class=\"wpcf7-form-control-wrap\" data-name=\"your-name\"><input size=\"40\" maxlength=\"400\" class=\"wpcf7-form-control wpcf7-text wpcf7-validates-as-required\" aria-required=\"true\" aria-invalid=\"false\" value=\"\" type=\"text\" name=\"your-name\" \/><\/span> <\/label>\n<\/p>\n<p><label> E-posta*<br \/>\n<span class=\"wpcf7-form-control-wrap\" data-name=\"your-email\"><input size=\"40\" maxlength=\"400\" class=\"wpcf7-form-control wpcf7-email wpcf7-validates-as-required wpcf7-text wpcf7-validates-as-email\" aria-required=\"true\" aria-invalid=\"false\" value=\"\" type=\"email\" name=\"your-email\" \/><\/span> <\/label>\n<\/p>\n<p><label> Tema<br \/>\n<span class=\"wpcf7-form-control-wrap\" data-name=\"your-subject\"><input size=\"40\" maxlength=\"400\" class=\"wpcf7-form-control wpcf7-text\" aria-invalid=\"false\" value=\"\" type=\"text\" name=\"your-subject\" \/><\/span> <\/label>\n<\/p>\n<p><span id=\"wpcf7-69f168fa2bdc2-wrapper\" class=\"wpcf7-form-control-wrap honeypot-466-wrap\" style=\"display:none !important; visibility:hidden !important;\"><label for=\"wpcf7-69f168fa2bdc2-field\" class=\"hp-message\">Please leave this field empty.<\/label><input id=\"wpcf7-69f168fa2bdc2-field\"  class=\"wpcf7-form-control wpcf7-text\" type=\"text\" name=\"honeypot-466\" value=\"\" size=\"40\" tabindex=\"-1\" autocomplete=\"new-password\" \/><\/span>\n<\/p>\n<p><label> Mesaj\u0131n*<br \/>\n<span class=\"wpcf7-form-control-wrap\" data-name=\"your-message\"><textarea cols=\"40\" rows=\"10\" maxlength=\"2000\" class=\"wpcf7-form-control wpcf7-textarea\" aria-invalid=\"false\" name=\"your-message\"><\/textarea><\/span> <\/label>\n<\/p>\n<p><span class=\"wpcf7-form-control-wrap\" data-name=\"quiz-465\"><label><span class=\"wpcf7-quiz-label\">Seneyi yap 5 + 5 =<\/span> <input size=\"40\" class=\"wpcf7-form-control wpcf7-quiz\" autocomplete=\"off\" aria-required=\"true\" aria-invalid=\"false\" type=\"text\" name=\"quiz-465\" \/><\/label><input type=\"hidden\" name=\"_wpcf7_quiz_answer_quiz-465\" value=\"4e5fdf9efad0f845f06e4aee2047ca7c\" \/><\/span>\n<\/p>\n<p><span class=\"wpcf7-form-control-wrap\" data-name=\"checkbox-308\"><span class=\"wpcf7-form-control wpcf7-checkbox wpcf7-validates-as-required\"><span class=\"wpcf7-list-item first last\"><label><input type=\"checkbox\" name=\"checkbox-308[]\" value=\"Veri Koruma&#039;y\u0131 okudum ve kabul ediyorum\" \/><span class=\"wpcf7-list-item-label\">Veri Koruma&#039;y\u0131 okudum ve kabul ediyorum<\/span><\/label><\/span><\/span><\/span>\n<\/p>\n<p><input class=\"wpcf7-form-control wpcf7-submit has-spinner\" type=\"submit\" value=\"Misyon\" \/>\n<\/p><p style=\"display: none !important;\" class=\"akismet-fields-container\" data-prefix=\"_wpcf7_ak_\"><label>&#916;<textarea name=\"_wpcf7_ak_hp_textarea\" cols=\"45\" rows=\"8\" maxlength=\"100\"><\/textarea><\/label><input type=\"hidden\" id=\"ak_js_1\" name=\"_wpcf7_ak_js\" value=\"249\"\/><script>\ndocument.getElementById( \"ak_js_1\" ).setAttribute( \"value\", ( new Date() ).getTime() );\n<\/script>\n<\/p><div class=\"wpcf7-response-output\" aria-hidden=\"true\"><\/div>\n<\/form>\n<\/div>\n[\/vc_column][vc_column width=&#8221;1\/3&#8243;]<h3 class=\"sohohotel-title-20px sohohotel-clearfix sohohotel-title-left\">Y\u00f6netici<\/h3>[vc_column_text]Ad\u0131m Paschalis Chrysovalantis, 1980 y\u0131l\u0131nda Almanya&#8217;n\u0131n D\u00fcsseldorf \u015fehrinde do\u011fdum. Evliyim ve 2 \u00e7ocu\u011fum var. 1987 y\u0131l\u0131ndan beri Kavala&#8217;da ya\u015f\u0131yorum ve \u00e7al\u0131\u015f\u0131yorum. Teknik Lise mezunuyum ve Turistik \u0130\u015fletmelerin Y\u00f6netimi ve Ekonomisi Okulu&#8217;ndan mezun oldum.[\/vc_column_text][vc_single_image image=&#8221;1131&#8243; img_size=&#8221;full&#8221;][\/vc_column][vc_column width=&#8221;1\/3&#8243;]<h3 class=\"sohohotel-title-20px sohohotel-clearfix sohohotel-title-left\">Bize Ula\u015f\u0131n<\/h3>[vc_raw_html css=&#8221;&#8221;]JTNDZGl2JTIwY2xhc3MlM0QlMjJmb290ZXItc29jcyUyMiUzRSUwQSUwOSUzQ2RpdiUyMGNsYXNzJTNEJTIyZm9vdGVyLXNvY3MtY29sJTIwZm9vdGVyLXNvY3MtY29sLWFkZHIlMjIlM0UlMDklMDklMEElMDklMjAlMjAlMjBUc29sYWtpJTIwNyUyQyUyMEthdmFsYS4lMEElMDklM0MlMkZkaXYlM0UlMEElMDklMjAlM0NkaXYlMjBjbGFzcyUzRCUyMmZvb3Rlci1zb2NzLWNvbCUyMGZvb3Rlci1zb2NzLWNvbC10ZWwlMjIlM0UlMDklMDklMEElMDklMDklMjAlM0NhJTIwaHJlZiUzRCUyMnRlbCUzQTMwMjUxMDIzMTI3NCUyMiUzRSUyMCUyOCUyQjMwJTI5JTIwMjUxMDIzMTI3NCUzQyUyRmElM0UlMEElMDklM0MlMkZkaXYlM0UlMEElMDklM0NkaXYlMjBjbGFzcyUzRCUyMmZvb3Rlci1zb2NzLWNvbCUyMGZvb3Rlci1zb2NzLWNvbC10ZWwlMjIlM0UlMDklMDklMEElMDklMDklM0NhJTIwaHJlZiUzRCUyMnRlbCUzQTMwOTQ0MzEzODg3JTIyJTNFJTI4JTJCMzAlMjklMjA2OTQ0MzEzODg3JTNDJTJGYSUzRSUwQSUwOSUzQyUyRmRpdiUzRSUwQSUwOSUwOSUzQ2RpdiUyMGNsYXNzJTNEJTIyZm9vdGVyLXNvY3MtY29sJTIwZm9vdGVyLXNvY3MtY29sLW1haWwlMjIlM0UlMDklMDklMEElMDklMDklMDklM0NhJTIwaHJlZiUzRCUyMm1haWx0byUzQWluZm8lNDB2YWxhbnRpc2hvdXNlcy5nciUyMiUzRWluZm8lNDB2YWxhbnRpc2hvdXNlcy5nciUzQyUyRmElM0UlMEElMDklM0MlMkZkaXYlM0UlMEElM0MlMkZkaXYlM0U=[\/vc_raw_html][vc_raw_html css=&#8221;&#8221;]JTNDaWZyYW1lJTIwc3JjJTNEJTIyaHR0cHMlM0ElMkYlMkZ3d3cuZ29vZ2xlLmNvbSUyRm1hcHMlMkZlbWJlZCUzRnBiJTNEJTIxMW0xOCUyMTFtMTIlMjExbTMlMjExZDMwMTMuOTUyMDMzMDE0MDYzNSUyMTJkMjQuNDAwNTkxMzk1MzIyNjIlMjEzZDQwLjkzODcxODQ0OTg2NjExNiUyMTJtMyUyMTFmMCUyMTJmMCUyMTNmMCUyMTNtMiUyMTFpMTAyNCUyMTJpNzY4JTIxNGYxMy4xJTIxM20zJTIxMW0yJTIxMXMweDE0YWViYjcyY2NkMjc5M2IlMjUzQTB4M2Q4ODg1MGQ3MDA2ZTdmOSUyMTJ6enByUGljNjl6NFBQaE02eHpyM1BoTTZ2enIzT3Y4LUZJTTZrejRQT3Y4Njd6cXpPdXM2M0lEY3NJTTZhenJIT3NzNnN6cnZPc1NBMk5UUWdNRE0lMjE1ZTAlMjEzbTIlMjExc2VsJTIxMnNnciUyMTR2MTc3NDY0MTYwMTAwMSUyMTVtMiUyMTFzZWwlMjEyc2dyJTIyJTIwd2lkdGglM0QlMjIxMDAlMjUlMjIlMjBoZWlnaHQlM0QlMjI0MDAlMjIlMjBzdHlsZSUzRCUyMmJvcmRlciUzQTAlM0IlMjIlMjBhbGxvd2Z1bGxzY3JlZW4lM0QlMjIlMjIlMjBsb2FkaW5nJTNEJTIybGF6eSUyMiUyMHJlZmVycmVycG9saWN5JTNEJTIybm8tcmVmZXJyZXItd2hlbi1kb3duZ3JhZGUlMjIlM0UlM0MlMkZpZnJhbWUlM0U=[\/vc_raw_html][vc_empty_space height=&#8221;30px&#8221;]<h3 class=\"sohohotel-title-20px sohohotel-clearfix sohohotel-title-left\">Bizi takip edin<\/h3><div class=\"sohohotel-social-links sohohotel-clearfix\"><a href=\"#\" target=\"_blank\"><i class=\"fab fa-facebook-f\"><\/i><\/a><a href=\"#\" target=\"_blank\"><i class=\"fab fa-instagram\"><\/i><\/a><\/div>[\/vc_column][\/vc_row]<\/p>\n<\/div>","protected":false},"excerpt":{"rendered":"<p>[vc_row fixed_width=&#8221;true&#8221;][vc_column width=&#8221;1\/3&#8243;][vc_column_text]Herhangi bir sorunuz, yorumunuz veya bilgi ihtiyac\u0131n\u0131z varsa, l\u00fctfen a\u015fa\u011f\u0131daki ileti\u015fim formunu kullanarak bizimle ileti\u015fime ge\u00e7mekten \u00e7ekinmeyin. Size en k\u0131sa s\u00fcrede cevap verece\u011fiz. \u0130lginiz i\u00e7in te\u015fekk\u00fcrler![\/vc_column_text][\/vc_column][vc_column width=&#8221;1\/3&#8243;][vc_column_text]Ad\u0131m Paschalis Chrysovalantis, 1980 y\u0131l\u0131nda Almanya&#8217;n\u0131n D\u00fcsseldorf \u015fehrinde do\u011fdum. Evliyim ve 2 \u00e7ocu\u011fum var. 1987 y\u0131l\u0131ndan beri Kavala&#8217;da ya\u015f\u0131yorum ve \u00e7al\u0131\u015f\u0131yorum. Teknik Lise mezunuyum ve Turistik \u0130\u015fletmelerin<\/p>\n<a href=\"https:\/\/kavalabnb.valantishouses.gr\/tr\/epikoinonia\/\" class=\"sohohotel-more-link\">Read More<\/a>","protected":false},"author":1,"featured_media":0,"parent":0,"menu_order":0,"comment_status":"closed","ping_status":"closed","template":"","meta":{"footnotes":""},"class_list":["post-1211","page","type-page","status-publish","hentry"],"_links":{"self":[{"href":"https:\/\/kavalabnb.valantishouses.gr\/tr\/wp-json\/wp\/v2\/pages\/1211","targetHints":{"allow":["GET"]}}],"collection":[{"href":"https:\/\/kavalabnb.valantishouses.gr\/tr\/wp-json\/wp\/v2\/pages"}],"about":[{"href":"https:\/\/kavalabnb.valantishouses.gr\/tr\/wp-json\/wp\/v2\/types\/page"}],"author":[{"embeddable":true,"href":"https:\/\/kavalabnb.valantishouses.gr\/tr\/wp-json\/wp\/v2\/users\/1"}],"replies":[{"embeddable":true,"href":"https:\/\/kavalabnb.valantishouses.gr\/tr\/wp-json\/wp\/v2\/comments?post=1211"}],"version-history":[{"count":5,"href":"https:\/\/kavalabnb.valantishouses.gr\/tr\/wp-json\/wp\/v2\/pages\/1211\/revisions"}],"predecessor-version":[{"id":2234,"href":"https:\/\/kavalabnb.valantishouses.gr\/tr\/wp-json\/wp\/v2\/pages\/1211\/revisions\/2234"}],"wp:attachment":[{"href":"https:\/\/kavalabnb.valantishouses.gr\/tr\/wp-json\/wp\/v2\/media?parent=1211"}],"curies":[{"name":"wp","href":"https:\/\/api.w.org\/{rel}","templated":true}]}}