{"id":1196,"date":"2023-10-18T17:08:36","date_gmt":"2023-10-18T17:08:36","guid":{"rendered":"https:\/\/kavalabnb.valantishouses.gr\/about-us\/"},"modified":"2023-12-02T19:35:52","modified_gmt":"2023-12-02T19:35:52","slug":"about-us","status":"publish","type":"page","link":"https:\/\/kavalabnb.valantishouses.gr\/tr\/about-us\/","title":{"rendered":"Hakk\u0131m\u0131zda"},"content":{"rendered":"<div class=\"wpb-content-wrapper\"><p>[vc_row el_class=&#8221;sohohotel-content-inner&#8221;][vc_column]<h3 class=\"sohohotel-title-25px sohohotel-clearfix sohohotel-title-left\">\u015eirket<\/h3>[vc_column_text]Firmam\u0131z, Kavala \u015fehrinde konaklama hizmetleri sunmaktad\u0131r. Evler farkl\u0131 yerlerde bulunmaktad\u0131r, konumlar\u0131n\u0131 web sitemizi ke\u015fferek g\u00f6rebilirsiniz. Sundu\u011fumuz di\u011fer hizmetler aras\u0131nda pop\u00fcler platformlar \u00fczerinden m\u00fclkiyet y\u00f6netimi de bulunmaktad\u0131r: <a href=\"http:\/\/www.booking.com\" target=\"_blank\" rel=\"noopener\">www.booking.com<\/a>. Herhangi bir sorunuz varsa, l\u00fctfen bizimle ileti\u015fime ge\u00e7in.<\/p>\n<p>Di\u011fer bir faaliyet alan\u0131m\u0131z emlak komisyonculu\u011fudur, daha fazla bilgi i\u00e7in <a href=\"http:\/\/www.valantishouses.gr\" target=\"_blank\" rel=\"noopener\">www.valantishouses.gr<\/a>[\/vc_column_text][vc_empty_space height=&#8221;30px&#8221;][\/vc_column][\/vc_row][vc_row el_class=&#8221;sohohotel-content-inner&#8221;][vc_column]<h3 class=\"sohohotel-title-25px sohohotel-clearfix sohohotel-title-left\">Y\u00f6netici<\/h3>[vc_column_text]Ad\u0131m Paschalis Chrysovalantis, 1980 y\u0131l\u0131nda Almanya&#8217;n\u0131n D\u00fcsseldorf \u015fehrinde do\u011fdum. Evliyim ve 2 \u00e7ocu\u011fum var. 1987 y\u0131l\u0131ndan beri Kavala&#8217;da ya\u015f\u0131yor ve \u00e7al\u0131\u015f\u0131yorum. Teknik Lise mezunuyum ve Turistik \u0130\u015fletmeler Y\u00fcksekokulu&#8217;nda (TEI) \u0130\u015fletme ve Ekonomi e\u011fitimi ald\u0131m.<br \/>\n[\/vc_column_text][vc_single_image image=&#8221;1197&#8243; img_size=&#8221;full&#8221;][vc_empty_space height=&#8221;30px&#8221;][\/vc_column][\/vc_row]<\/p>\n<\/div>","protected":false},"excerpt":{"rendered":"<p>[vc_row el_class=&#8221;sohohotel-content-inner&#8221;][vc_column][vc_column_text]Firmam\u0131z, Kavala \u015fehrinde konaklama hizmetleri sunmaktad\u0131r. Evler farkl\u0131 yerlerde bulunmaktad\u0131r, konumlar\u0131n\u0131 web sitemizi ke\u015fferek g\u00f6rebilirsiniz. Sundu\u011fumuz di\u011fer hizmetler aras\u0131nda pop\u00fcler platformlar \u00fczerinden m\u00fclkiyet y\u00f6netimi de bulunmaktad\u0131r: www.booking.com. Herhangi bir sorunuz varsa, l\u00fctfen bizimle ileti\u015fime ge\u00e7in. Di\u011fer bir faaliyet alan\u0131m\u0131z emlak komisyonculu\u011fudur, daha fazla bilgi i\u00e7in www.valantishouses.gr[\/vc_column_text][vc_empty_space height=&#8221;30px&#8221;][\/vc_column][\/vc_row][vc_row el_class=&#8221;sohohotel-content-inner&#8221;][vc_column][vc_column_text]Ad\u0131m Paschalis Chrysovalantis, 1980 y\u0131l\u0131nda Almanya&#8217;n\u0131n D\u00fcsseldorf<\/p>\n<a href=\"https:\/\/kavalabnb.valantishouses.gr\/tr\/about-us\/\" class=\"sohohotel-more-link\">Read More<\/a>","protected":false},"author":1,"featured_media":0,"parent":0,"menu_order":0,"comment_status":"closed","ping_status":"closed","template":"","meta":{"footnotes":""},"class_list":["post-1196","page","type-page","status-publish","hentry"],"_links":{"self":[{"href":"https:\/\/kavalabnb.valantishouses.gr\/tr\/wp-json\/wp\/v2\/pages\/1196","targetHints":{"allow":["GET"]}}],"collection":[{"href":"https:\/\/kavalabnb.valantishouses.gr\/tr\/wp-json\/wp\/v2\/pages"}],"about":[{"href":"https:\/\/kavalabnb.valantishouses.gr\/tr\/wp-json\/wp\/v2\/types\/page"}],"author":[{"embeddable":true,"href":"https:\/\/kavalabnb.valantishouses.gr\/tr\/wp-json\/wp\/v2\/users\/1"}],"replies":[{"embeddable":true,"href":"https:\/\/kavalabnb.valantishouses.gr\/tr\/wp-json\/wp\/v2\/comments?post=1196"}],"version-history":[{"count":4,"href":"https:\/\/kavalabnb.valantishouses.gr\/tr\/wp-json\/wp\/v2\/pages\/1196\/revisions"}],"predecessor-version":[{"id":1201,"href":"https:\/\/kavalabnb.valantishouses.gr\/tr\/wp-json\/wp\/v2\/pages\/1196\/revisions\/1201"}],"wp:attachment":[{"href":"https:\/\/kavalabnb.valantishouses.gr\/tr\/wp-json\/wp\/v2\/media?parent=1196"}],"curies":[{"name":"wp","href":"https:\/\/api.w.org\/{rel}","templated":true}]}}